{"id":107,"date":"2017-06-05T19:04:54","date_gmt":"2017-06-05T17:04:54","guid":{"rendered":"http:\/\/www.magpie.at\/skvdk\/?page_id=107"},"modified":"2017-12-10T20:44:34","modified_gmt":"2017-12-10T19:44:34","slug":"links-ski","status":"publish","type":"page","link":"https:\/\/www.magpie.at\/skvdk\/links-ski\/","title":{"rendered":"Links Ski"},"content":{"rendered":"<p><a href=\"http:\/\/www.oesv.at\" target=\"_blank\" rel=\"noopener\">\u00d6SV &#8211; \u00d6sterreichischer Skiverband<\/a><\/p>\n<p><a href=\"http:\/\/www.burgenlandski.net\" target=\"_blank\" rel=\"noopener\">SKI Burgenland &#8211; Burgenl\u00e4ndischer Skiverband<\/a><\/p>\n<p><a href=\"http:\/\/www.orthofer.at\/winter\/joglland-loipe\" target=\"_blank\" rel=\"noopener\">Jogllandloipe<\/a><\/p>\n","protected":false},"excerpt":{"rendered":"<p>\u00d6SV &#8211; \u00d6sterreichischer Skiverband SKI Burgenland &#8211; Burgenl\u00e4ndischer Skiverband Jogllandloipe<\/p>\n","protected":false},"author":1,"featured_media":0,"parent":0,"menu_order":0,"comment_status":"closed","ping_status":"closed","template":"","meta":{"ngg_post_thumbnail":0},"jetpack_shortlink":"https:\/\/wp.me\/P9o5vF-1J","_links":{"self":[{"href":"https:\/\/www.magpie.at\/skvdk\/wp-json\/wp\/v2\/pages\/107"}],"collection":[{"href":"https:\/\/www.magpie.at\/skvdk\/wp-json\/wp\/v2\/pages"}],"about":[{"href":"https:\/\/www.magpie.at\/skvdk\/wp-json\/wp\/v2\/types\/page"}],"author":[{"embeddable":true,"href":"https:\/\/www.magpie.at\/skvdk\/wp-json\/wp\/v2\/users\/1"}],"replies":[{"embeddable":true,"href":"https:\/\/www.magpie.at\/skvdk\/wp-json\/wp\/v2\/comments?post=107"}],"version-history":[{"count":4,"href":"https:\/\/www.magpie.at\/skvdk\/wp-json\/wp\/v2\/pages\/107\/revisions"}],"predecessor-version":[{"id":581,"href":"https:\/\/www.magpie.at\/skvdk\/wp-json\/wp\/v2\/pages\/107\/revisions\/581"}],"wp:attachment":[{"href":"https:\/\/www.magpie.at\/skvdk\/wp-json\/wp\/v2\/media?parent=107"}],"curies":[{"name":"wp","href":"https:\/\/api.w.org\/{rel}","templated":true}]}}